{"id":1061,"date":"2025-12-18T08:52:15","date_gmt":"2025-12-18T12:52:15","guid":{"rendered":"https:\/\/marcossilvaconsultoria.com\/?page_id=1061"},"modified":"2025-12-18T08:52:15","modified_gmt":"2025-12-18T12:52:15","slug":"uma-breve-historia-sobre-licitacoes-publicas-no-brasil","status":"publish","type":"page","link":"https:\/\/teste.marcossilvaconsultoria.com\/?page_id=1061","title":{"rendered":"Uma Breve Hist\u00f3ria Sobre Licita\u00e7\u00f5es P\u00fablicas no Brasil"},"content":{"rendered":"<div id=\"model-response-message-contentr_0375469357393191\" class=\"markdown markdown-main-panel stronger enable-updated-hr-color\" dir=\"ltr\" aria-live=\"polite\" aria-busy=\"false\">\n<h2 style=\"text-align: center;\" data-path-to-node=\"0\"><strong>Uma Breve Hist\u00f3ria Sobre Licita\u00e7\u00f5es P\u00fablicas no Brasil<\/strong><\/h2>\n<p data-path-to-node=\"0\">A hist\u00f3ria das compras governamentais no Brasil \u00e9 um reflexo direto do amadurecimento das nossas institui\u00e7\u00f5es e da busca constante pelo equil\u00edbrio entre o controle dos gastos p\u00fablicos e a efici\u00eancia administrativa. Para compreender o cen\u00e1rio atual, \u00e9 fundamental olhar para o passado, especificamente para o per\u00edodo anterior ao <a href=\"https:\/\/www.planalto.gov.br\/ccivil_03\/decreto-lei\/Del2300-86impressao.htm\" target=\"_blank\" rel=\"noopener\">Decreto-Lei 2.300 de 1986<\/a>. Antes dessa normativa, o regramento sobre licita\u00e7\u00f5es era esparso e fragmentado, baseando-se principalmente no C\u00f3digo de Contabilidade P\u00fablica de 1922 e, posteriormente, no <a href=\"https:\/\/www.planalto.gov.br\/ccivil_03\/decreto-lei\/Del0200.htm#view\" target=\"_blank\" rel=\"noopener\">Decreto-Lei 200 de 1967<\/a>. Nessa \u00e9poca, embora j\u00e1 existisse a preocupa\u00e7\u00e3o com a formalidade, n\u00e3o havia um sistema unificado e coeso que padronizasse as contrata\u00e7\u00f5es em n\u00edvel nacional, o que gerava inseguran\u00e7a jur\u00eddica e dificultava o controle da moralidade administrativa.<\/p>\n<p data-path-to-node=\"1\">A primeira grande tentativa de sistematiza\u00e7\u00e3o ocorreu com a promulga\u00e7\u00e3o do Decreto-Lei 2.300 em 1986. Essa norma foi um divisor de \u00e1guas, pois reuniu em um \u00fanico documento as regras gerais para licita\u00e7\u00f5es e contratos da administra\u00e7\u00e3o federal. O Decreto-Lei 2.300 inovou ao estabelecer defini\u00e7\u00f5es mais claras para as modalidades de licita\u00e7\u00e3o e ao introduzir princ\u00edpios que buscavam garantir a igualdade entre os concorrentes. Ele serviu como uma esp\u00e9cie de &#8220;pai&#8221; para a legisla\u00e7\u00e3o que viria a seguir, estruturando o esqueleto procedimental que o administrador p\u00fablico deveria seguir. No entanto, sua vig\u00eancia plena foi curta, pois o cen\u00e1rio pol\u00edtico e jur\u00eddico do pa\u00eds mudaria drasticamente apenas dois anos depois, com a Constitui\u00e7\u00e3o Federal de 1988, que elevou a obrigatoriedade da licita\u00e7\u00e3o ao status constitucional.<\/p>\n<p data-path-to-node=\"2\">Com a nova ordem constitucional e em resposta a um contexto pol\u00edtico marcado por esc\u00e2ndalos de corrup\u00e7\u00e3o no in\u00edcio da d\u00e9cada de 90, surgiu a Lei 8.666 de 1993. Ao compararmos esta lei com o antigo Decreto-Lei 2.300, percebemos que a Lei 8.666\/93 n\u00e3o apenas absorveu a estrutura do seu antecessor, mas a tornou muito mais r\u00edgida e detalhista. A principal novidade foi o car\u00e1ter punitivo e o excesso de formalismo, criados intencionalmente para fechar as portas para a fraude. A Lei 8.666\/93 tipificou crimes espec\u00edficos para irregularidades em licita\u00e7\u00f5es e imp\u00f4s um rito burocr\u00e1tico severo. Embora tenha sido eficaz em criar controles, essa rigidez acabou gerando um efeito colateral indesejado: a inefici\u00eancia e a lentid\u00e3o nas contrata\u00e7\u00f5es, o que muitas vezes engessava o gestor p\u00fablico honesto que precisava entregar resultados r\u00e1pidos \u00e0 sociedade.<\/p>\n<p data-path-to-node=\"3\">O reconhecimento de que a rigidez excessiva da Lei 8.666\/93 atrapalhava a competitividade do Estado, especialmente no setor empresarial, levou \u00e0 cria\u00e7\u00e3o da <a href=\"https:\/\/www.planalto.gov.br\/ccivil_03\/_ato2015-2018\/2016\/lei\/L13303.htm\">Lei 13.303 em 2016<\/a>, conhecida como a Lei das Estatais. Esta legisla\u00e7\u00e3o foi um marco espec\u00edfico para empresas p\u00fablicas e sociedades de economia mista, como a Petrobras e o Banco do Brasil. A grande inova\u00e7\u00e3o aqui foi libertar essas empresas das amarras burocr\u00e1ticas da Lei 8.666\/93, permitindo-lhes atuar com uma flexibilidade mais pr\u00f3xima \u00e0 do setor privado. A Lei das Estatais introduziu mecanismos mais \u00e1geis, focados em resultados e na governan\u00e7a corporativa, permitindo que essas empresas competissem de igual para igual no mercado, sem descuidar da transpar\u00eancia exigida pelo capital p\u00fablico.<\/p>\n<p data-path-to-node=\"4\">Finalmente, chegamos ao atual paradigma com a <a href=\"http:\/\/www.planalto.gov.br\/ccivil_03\/_ato2019-2022\/2021\/lei\/L14133.htm\">Lei 14.133 de 2021<\/a>, a Nova Lei de Licita\u00e7\u00f5es e Contratos Administrativos. Esta norma representa a evolu\u00e7\u00e3o e a moderniza\u00e7\u00e3o definitiva do sistema, substituindo a antiga Lei 8.666\/93, a Lei do Preg\u00e3o e o Regime Diferenciado de Contrata\u00e7\u00f5es. A principal mudan\u00e7a trazida pela Lei 14.133 em compara\u00e7\u00e3o \u00e0 Lei 8.666\/93 \u00e9 a invers\u00e3o da l\u00f3gica processual e o foco no planejamento. Enquanto a lei antiga focava excessivamente na burocracia do papel, a nova lei privilegia a fase preparat\u00f3ria e a governan\u00e7a. Al\u00e9m disso, a Lei 14.133 consolidou o formato eletr\u00f4nico como regra e extinguiu modalidades obsoletas como a Tomada de Pre\u00e7os e o Convite, criando o Di\u00e1logo Competitivo para solu\u00e7\u00f5es complexas. Outra altera\u00e7\u00e3o crucial foi a invers\u00e3o de fases: agora, julga-se primeiro a proposta de pre\u00e7o e apenas se analisa a documenta\u00e7\u00e3o do vencedor, o que agiliza drasticamente o processo. Assim, sa\u00edmos de um modelo focado na desconfian\u00e7a e no carimbo para um modelo focado na efici\u00eancia, na tecnologia e no resultado pr\u00e1tico para o cidad\u00e3o.<\/p>\n<p data-path-to-node=\"7\">\n<\/div>\n","protected":false},"excerpt":{"rendered":"<p>Uma Breve Hist\u00f3ria Sobre Licita\u00e7\u00f5es P\u00fablicas no Brasil A hist\u00f3ria das compras governamentais no Brasil \u00e9 um reflexo direto do amadurecimento das nossas institui\u00e7\u00f5es e da busca constante pelo equil\u00edbrio entre o controle dos gastos p\u00fablicos e a efici\u00eancia administrativa. Para compreender o cen\u00e1rio atual, \u00e9 fundamental olhar para o passado, especificamente para o per\u00edodo [&hellip;]<\/p>\n","protected":false},"author":1,"featured_media":1063,"parent":0,"menu_order":0,"comment_status":"closed","ping_status":"closed","template":"","meta":{"pagelayer_contact_templates":[],"_pagelayer_content":"","footnotes":""},"class_list":["post-1061","page","type-page","status-publish","has-post-thumbnail","hentry"],"_links":{"self":[{"href":"https:\/\/teste.marcossilvaconsultoria.com\/index.php?rest_route=\/wp\/v2\/pages\/1061","targetHints":{"allow":["GET"]}}],"collection":[{"href":"https:\/\/teste.marcossilvaconsultoria.com\/index.php?rest_route=\/wp\/v2\/pages"}],"about":[{"href":"https:\/\/teste.marcossilvaconsultoria.com\/index.php?rest_route=\/wp\/v2\/types\/page"}],"author":[{"embeddable":true,"href":"https:\/\/teste.marcossilvaconsultoria.com\/index.php?rest_route=\/wp\/v2\/users\/1"}],"replies":[{"embeddable":true,"href":"https:\/\/teste.marcossilvaconsultoria.com\/index.php?rest_route=%2Fwp%2Fv2%2Fcomments&post=1061"}],"version-history":[{"count":0,"href":"https:\/\/teste.marcossilvaconsultoria.com\/index.php?rest_route=\/wp\/v2\/pages\/1061\/revisions"}],"wp:featuredmedia":[{"embeddable":true,"href":"https:\/\/teste.marcossilvaconsultoria.com\/index.php?rest_route=\/wp\/v2\/media\/1063"}],"wp:attachment":[{"href":"https:\/\/teste.marcossilvaconsultoria.com\/index.php?rest_route=%2Fwp%2Fv2%2Fmedia&parent=1061"}],"curies":[{"name":"wp","href":"https:\/\/api.w.org\/{rel}","templated":true}]}}