{"id":1075,"date":"2020-04-24T22:46:09","date_gmt":"2020-04-24T22:46:09","guid":{"rendered":"https:\/\/marcossilvaconsultoria.com\/?page_id=3"},"modified":"2026-04-11T11:37:21","modified_gmt":"2026-04-11T15:37:21","slug":"politica-privacidade","status":"publish","type":"page","link":"https:\/\/teste.marcossilvaconsultoria.com\/?page_id=1075","title":{"rendered":"Pol\u00edtica de Privacidade"},"content":{"rendered":"<h1 data-path-to-node=\"3\">Pol\u00edtica de Privacidade &#8211; Marcos Silva Consultoria<\/h1>\n<h2 data-path-to-node=\"4\"><b data-path-to-node=\"4\" data-index-in-node=\"0\">SE\u00c7\u00c3O 1 &#8211; O QUE FAREMOS COM SUAS INFORMA\u00c7\u00d5ES?<\/b><\/h2>\n<p data-path-to-node=\"4\">Quando voc\u00ea preenche um formul\u00e1rio em nosso site ou solicita uma consultoria, coletamos as informa\u00e7\u00f5es pessoais que voc\u00ea nos fornece, tais como: nome, e-mail, telefone e empresa. Essas informa\u00e7\u00f5es s\u00e3o utilizadas exclusivamente para a presta\u00e7\u00e3o de nossos servi\u00e7os e para responder \u00e0s suas solicita\u00e7\u00f5es.<\/p>\n<p data-path-to-node=\"5\">Ao navegar em nosso site, recebemos automaticamente o protocolo de internet do seu computador (endere\u00e7o IP) para obter informa\u00e7\u00f5es que nos ajudam a aprender sobre seu navegador e sistema operacional, visando a melhoria da experi\u00eancia do usu\u00e1rio. O envio de comunica\u00e7\u00f5es sobre o mercado de licita\u00e7\u00f5es e atualiza\u00e7\u00f5es da consultoria ser\u00e1 realizado apenas se voc\u00ea permitir explicitamente.<\/p>\n<h2 data-path-to-node=\"6\"><b data-path-to-node=\"6\" data-index-in-node=\"0\">SE\u00c7\u00c3O 2 &#8211; CONSENTIMENTO<\/b><\/h2>\n<p data-path-to-node=\"6\">Como voc\u00eas obt\u00eam meu consentimento? Quando voc\u00ea fornece informa\u00e7\u00f5es pessoais para solicitar um or\u00e7amento, verificar documentos ou agendar uma consultoria, entendemos que voc\u00ea est\u00e1 de acordo com a coleta de dados para serem utilizados especificamente para esses fins pela nossa empresa.<\/p>\n<p data-path-to-node=\"7\">Se pedirmos suas informa\u00e7\u00f5es por uma raz\u00e3o secund\u00e1ria, como marketing, pediremos diretamente seu consentimento ou forneceremos a oportunidade de dizer n\u00e3o. Voc\u00ea pode retirar seu consentimento a qualquer momento, entrando em contato conosco em: <b data-path-to-node=\"7\" data-index-in-node=\"244\">contato@marcossilvaconsultoria.com<\/b>.<\/p>\n<h2 data-path-to-node=\"8\"><b data-path-to-node=\"8\" data-index-in-node=\"0\">SE\u00c7\u00c3O 3 &#8211; DIVULGA\u00c7\u00c3O<\/b><\/h2>\n<p data-path-to-node=\"8\">Podemos divulgar suas informa\u00e7\u00f5es pessoais apenas se formos obrigados por lei a faz\u00ea-lo ou se houver viola\u00e7\u00e3o de nossos Termos de Servi\u00e7o no uso de nossas plataformas.<\/p>\n<h4 data-path-to-node=\"9\"><b data-path-to-node=\"9\" data-index-in-node=\"0\">SE\u00c7\u00c3O 4 &#8211; SERVI\u00c7OS DE TERCEIROS<\/b><\/h4>\n<p data-path-to-node=\"9\">No geral, os fornecedores terceirizados usados por n\u00f3s (como provedores de hospedagem e ferramentas de e-mail marketing) ir\u00e3o apenas coletar, usar e divulgar suas informa\u00e7\u00f5es na medida do necess\u00e1rio para permitir que eles realizem os servi\u00e7os que nos fornecem.<\/p>\n<p data-path-to-node=\"10\">Incentivamos que voc\u00ea leia as pol\u00edticas de privacidade desses fornecedores para entender a maneira como suas informa\u00e7\u00f5es pessoais ser\u00e3o usadas. Uma vez que voc\u00ea deixe o nosso site ou seja redirecionado para um site de terceiros, voc\u00ea n\u00e3o ser\u00e1 mais regido por esta Pol\u00edtica de Privacidade.<\/p>\n<h2 data-path-to-node=\"11\"><b data-path-to-node=\"11\" data-index-in-node=\"0\">SE\u00c7\u00c3O 5 &#8211; SEGURAN\u00c7A<\/b><\/h2>\n<p data-path-to-node=\"11\">Para proteger suas informa\u00e7\u00f5es, tomamos precau\u00e7\u00f5es razo\u00e1veis e seguimos as melhores pr\u00e1ticas da ind\u00fastria para garantir que elas n\u00e3o sejam perdidas, usurpadas, acessadas, divulgadas, alteradas ou destru\u00eddas de forma inadequada. Nosso site utiliza tecnologia de criptografia SSL (Secure Socket Layer), garantindo que a transmiss\u00e3o de dados seja feita de forma segura e protegida.<\/p>\n<h2 data-path-to-node=\"12\"><b data-path-to-node=\"12\" data-index-in-node=\"0\">SE\u00c7\u00c3O 6 &#8211; ALTERA\u00c7\u00d5ES PARA ESTA POL\u00cdTICA DE PRIVACIDADE<\/b><\/h2>\n<p data-path-to-node=\"12\">Reservamos o direito de modificar esta pol\u00edtica de privacidade a qualquer momento, visando a adequa\u00e7\u00e3o a novas normas legais (como a LGPD) ou mudan\u00e7as em nossos servi\u00e7os. Altera\u00e7\u00f5es e esclarecimentos surtem efeito imediatamente ap\u00f3s sua publica\u00e7\u00e3o no site.<\/p>\n<p data-path-to-node=\"13\">Esta Pol\u00edtica de Privacidade \u00e9 regida pelas leis da Rep\u00fablica Federativa do Brasil. <b data-path-to-node=\"13\" data-index-in-node=\"84\">Marcos Silva Consultoria<\/b> Av. Paulista, 1106 &#8211; Sala 01 &#8211; Andar 16 &#8211; Bela Vista &#8211; S\u00e3o Paulo\/SP CEP: 01310-914<\/p>\n","protected":false},"excerpt":{"rendered":"<p>Pol\u00edtica de Privacidade &#8211; Marcos Silva Consultoria SE\u00c7\u00c3O 1 &#8211; O QUE FAREMOS COM SUAS INFORMA\u00c7\u00d5ES? Quando voc\u00ea preenche um formul\u00e1rio em nosso site ou solicita uma consultoria, coletamos as informa\u00e7\u00f5es pessoais que voc\u00ea nos fornece, tais como: nome, e-mail, telefone e empresa. Essas informa\u00e7\u00f5es s\u00e3o utilizadas exclusivamente para a presta\u00e7\u00e3o de nossos servi\u00e7os e [&hellip;]<\/p>\n","protected":false},"author":1,"featured_media":0,"parent":0,"menu_order":0,"comment_status":"closed","ping_status":"open","template":"","meta":{"pagelayer_contact_templates":[],"_pagelayer_content":"","footnotes":""},"class_list":["post-1075","page","type-page","status-publish","hentry"],"_links":{"self":[{"href":"https:\/\/teste.marcossilvaconsultoria.com\/index.php?rest_route=\/wp\/v2\/pages\/1075","targetHints":{"allow":["GET"]}}],"collection":[{"href":"https:\/\/teste.marcossilvaconsultoria.com\/index.php?rest_route=\/wp\/v2\/pages"}],"about":[{"href":"https:\/\/teste.marcossilvaconsultoria.com\/index.php?rest_route=\/wp\/v2\/types\/page"}],"author":[{"embeddable":true,"href":"https:\/\/teste.marcossilvaconsultoria.com\/index.php?rest_route=\/wp\/v2\/users\/1"}],"replies":[{"embeddable":true,"href":"https:\/\/teste.marcossilvaconsultoria.com\/index.php?rest_route=%2Fwp%2Fv2%2Fcomments&post=1075"}],"version-history":[{"count":2,"href":"https:\/\/teste.marcossilvaconsultoria.com\/index.php?rest_route=\/wp\/v2\/pages\/1075\/revisions"}],"predecessor-version":[{"id":1309,"href":"https:\/\/teste.marcossilvaconsultoria.com\/index.php?rest_route=\/wp\/v2\/pages\/1075\/revisions\/1309"}],"wp:attachment":[{"href":"https:\/\/teste.marcossilvaconsultoria.com\/index.php?rest_route=%2Fwp%2Fv2%2Fmedia&parent=1075"}],"curies":[{"name":"wp","href":"https:\/\/api.w.org\/{rel}","templated":true}]}}